{"id":587,"date":"2018-05-31T15:58:01","date_gmt":"2018-05-31T13:58:01","guid":{"rendered":"https:\/\/www.sys2diag.cnrs.fr\/?page_id=587"},"modified":"2023-04-12T11:19:26","modified_gmt":"2023-04-12T09:19:26","slug":"research-unit","status":"publish","type":"page","link":"https:\/\/www.sys2diag.cnrs.fr\/en\/research-unit\/","title":{"rendered":"Research Unit"},"content":{"rendered":"<p><img loading=\"lazy\" decoding=\"async\" class=\"aligncenter size-full wp-image-367\" style=\"margin-top: -30px; margin-bottom: 35px; border-radius: 6px;\" src=\"https:\/\/www.sys2diag.cnrs.fr\/wp-content\/uploads\/2018\/05\/IMG_4338-copie-e1492521648671.jpg\" alt=\"\" width=\"1800\" height=\"778\" \/><\/p>\n<h1 class=\"bigtitleHOne\">Sys2Diag a CNRS-ALCEN partnership research unit<\/h1>\n<p><b class=\"importantColor\">Sys2Diag <\/b>is an alliance between the CNRS, the largest french governmental institution for scientific research, and ALCEN group.<\/p>\n<p><span title=\"Sys2Diag s'est engag\u00e9 \u00e0 effectuer des recherches de pointe innovantes dans le diagnostic m\u00e9dical, ainsi que dans l'ing\u00e9nierie d'une nouvelle g\u00e9n\u00e9ration de dispositifs m\u00e9dicaux interactifs. \">Sys2Diag is committed to innovative cutting-edge research in medical diagnosis and engineering of a new generation of interactive medical devices.<\/span><\/p>\n<p><span title=\"Sys2Diag s'est engag\u00e9 \u00e0 effectuer des recherches de pointe innovantes dans le diagnostic m\u00e9dical, ainsi que dans l'ing\u00e9nierie d'une nouvelle g\u00e9n\u00e9ration de dispositifs m\u00e9dicaux interactifs. \"><b class=\"boldLine\"><br \/>\nSys2Diag is an interdisciplinary laboratory that benefits from:<\/b><\/span><\/p>\n<ul style=\"text-align: left;\">\n<li>a long-term experience in groundbreaking innovations for diagnostic procedures.<\/li>\n<li>a foundation in fundamental research in systems and synthetic biology.<\/li>\n<li>advanced technology platforms (Next Generation Sequencing, clinical proteomics, chemical biosensors, microfluidics, bioinformatics \/ biostatistics)<\/li>\n<li>relevant clinical partners and international networks.<\/li>\n<li>patent key domain.<\/li>\n<\/ul>\n<p><em class=\"italikLine\">By providing academic and private resources, Sys2Diag accelerates the transfer of scientific discoveries to industrial applications in the field of complex and multifactorial diseases (psychiatry, cancer, diabetes, etc.).<\/em><\/p>\n","protected":false},"excerpt":{"rendered":"<p>Sys2Diag a CNRS-ALCEN partnership research unit Sys2Diag is an alliance between the CNRS, the largest french governmental institution for scientific research, and ALCEN group. Sys2Diag is committed to innovative cutting-edge &#8230;<\/p>\n","protected":false},"author":1,"featured_media":0,"parent":0,"menu_order":15,"comment_status":"closed","ping_status":"closed","template":"","meta":{"footnotes":""},"class_list":["post-587","page","type-page","status-publish","hentry"],"_links":{"self":[{"href":"https:\/\/www.sys2diag.cnrs.fr\/en\/wp-json\/wp\/v2\/pages\/587","targetHints":{"allow":["GET"]}}],"collection":[{"href":"https:\/\/www.sys2diag.cnrs.fr\/en\/wp-json\/wp\/v2\/pages"}],"about":[{"href":"https:\/\/www.sys2diag.cnrs.fr\/en\/wp-json\/wp\/v2\/types\/page"}],"author":[{"embeddable":true,"href":"https:\/\/www.sys2diag.cnrs.fr\/en\/wp-json\/wp\/v2\/users\/1"}],"replies":[{"embeddable":true,"href":"https:\/\/www.sys2diag.cnrs.fr\/en\/wp-json\/wp\/v2\/comments?post=587"}],"version-history":[{"count":13,"href":"https:\/\/www.sys2diag.cnrs.fr\/en\/wp-json\/wp\/v2\/pages\/587\/revisions"}],"predecessor-version":[{"id":1125,"href":"https:\/\/www.sys2diag.cnrs.fr\/en\/wp-json\/wp\/v2\/pages\/587\/revisions\/1125"}],"wp:attachment":[{"href":"https:\/\/www.sys2diag.cnrs.fr\/en\/wp-json\/wp\/v2\/media?parent=587"}],"curies":[{"name":"wp","href":"https:\/\/api.w.org\/{rel}","templated":true}]}}