{"id":1112,"date":"2022-09-30T16:38:49","date_gmt":"2022-09-30T14:38:49","guid":{"rendered":"https:\/\/www.sys2diag.cnrs.fr\/?page_id=1112"},"modified":"2022-09-30T17:13:28","modified_gmt":"2022-09-30T15:13:28","slug":"plate-forme-minedit","status":"publish","type":"page","link":"https:\/\/www.sys2diag.cnrs.fr\/fr\/les-plates-formes\/plate-forme-minedit\/","title":{"rendered":"Plate-forme Minedit"},"content":{"rendered":"<p><img loading=\"lazy\" decoding=\"async\" class=\"size-full wp-image-384\" style=\"margin-top: -30px; margin-bottom: 35px; border-radius: 6px;\" src=\"https:\/\/www.sys2diag.cnrs.fr\/wp-content\/uploads\/2018\/05\/CHR_2800_print-copie-2.jpg\" alt=\"\" width=\"1800\" height=\"387\" \/><\/p>\n<h3 class=\"bigtitleHOne\"><b>Responsables de la plate-forme :<\/b><\/h3>\n<p>Responsable scientifique <b class=\"boldLine\">| Franck MOLINA<\/b><\/p>\n<hr \/>\n<h3 class=\"bigtitleHOne\"><b>Missions : <\/b><\/h3>\n<p>Le laboratoire Sys2Diag lance le projet de plateforme MinEDIT dont l\u2019objectif est le d\u00e9veloppement de technologies miniaturis\u00e9es de mesure des modifications \u00e9pitranscriptomiques de l&rsquo;ARN dans le domaine de la sant\u00e9 (psychiatrie, cancer, inflammation, infectiologie).<\/p>\n<p>Les analyses pourront \u00eatre r\u00e9alis\u00e9es \u00e0 partir d\u2019\u00e9chantillons cliniques complexes, dans un d\u00e9lai plus court en comparaison des technologies classique (NGS, spectrom\u00e9trie de masse etc.) avec un cout plus faible.<\/p>\n<p>Ces avantages permettront \u00e0 terme de d\u00e9mocratiser ce type d\u2019analyse et ainsi d\u2019acc\u00e9l\u00e9rer la recherche et le d\u00e9veloppement de tests \u00e9pitranscriptomiques, et faciliter la mise en place d\u2019\u00e9tudes cliniques.<\/p>\n<p>La plateforme proposera aussi un ensemble d\u2019outils de biologie mol\u00e9culaire de pointe pour r\u00e9aliser des \u00e9tapes d\u2019analyse compl\u00e9mentaires des acides nucl\u00e9iques : purification, qualification et quantification.\u00a0<\/p>\n<p>\u00a0<\/p>\n<p>\u00a0<\/p>\n<hr \/>\n<p>\u00a0<\/p>\n\n\n<figure class=\"wp-block-image size-large\"><img loading=\"lazy\" decoding=\"async\" width=\"1024\" height=\"286\" src=\"https:\/\/www.sys2diag.cnrs.fr\/wp-content\/uploads\/2022\/09\/oc-1810-ComarquageFE-UE-REG-FEDER-REACT_QUADRI_Vect-1024x286.png\" alt=\"\" class=\"wp-image-1116\" srcset=\"https:\/\/www.sys2diag.cnrs.fr\/wp-content\/uploads\/2022\/09\/oc-1810-ComarquageFE-UE-REG-FEDER-REACT_QUADRI_Vect-1024x286.png 1024w, https:\/\/www.sys2diag.cnrs.fr\/wp-content\/uploads\/2022\/09\/oc-1810-ComarquageFE-UE-REG-FEDER-REACT_QUADRI_Vect-300x84.png 300w, https:\/\/www.sys2diag.cnrs.fr\/wp-content\/uploads\/2022\/09\/oc-1810-ComarquageFE-UE-REG-FEDER-REACT_QUADRI_Vect-768x214.png 768w, https:\/\/www.sys2diag.cnrs.fr\/wp-content\/uploads\/2022\/09\/oc-1810-ComarquageFE-UE-REG-FEDER-REACT_QUADRI_Vect-1536x429.png 1536w, https:\/\/www.sys2diag.cnrs.fr\/wp-content\/uploads\/2022\/09\/oc-1810-ComarquageFE-UE-REG-FEDER-REACT_QUADRI_Vect-2048x572.png 2048w\" sizes=\"auto, (max-width: 1024px) 100vw, 1024px\" \/><\/figure>\n","protected":false},"excerpt":{"rendered":"<p>Responsables de la plate-forme : Responsable scientifique | Franck MOLINA Missions : Le laboratoire Sys2Diag lance le projet de plateforme MinEDIT dont l\u2019objectif est le d\u00e9veloppement de technologies miniaturis\u00e9es de &#8230;<\/p>\n","protected":false},"author":1,"featured_media":0,"parent":361,"menu_order":8,"comment_status":"closed","ping_status":"closed","template":"","meta":{"footnotes":""},"class_list":["post-1112","page","type-page","status-publish","hentry"],"_links":{"self":[{"href":"https:\/\/www.sys2diag.cnrs.fr\/fr\/wp-json\/wp\/v2\/pages\/1112","targetHints":{"allow":["GET"]}}],"collection":[{"href":"https:\/\/www.sys2diag.cnrs.fr\/fr\/wp-json\/wp\/v2\/pages"}],"about":[{"href":"https:\/\/www.sys2diag.cnrs.fr\/fr\/wp-json\/wp\/v2\/types\/page"}],"author":[{"embeddable":true,"href":"https:\/\/www.sys2diag.cnrs.fr\/fr\/wp-json\/wp\/v2\/users\/1"}],"replies":[{"embeddable":true,"href":"https:\/\/www.sys2diag.cnrs.fr\/fr\/wp-json\/wp\/v2\/comments?post=1112"}],"version-history":[{"count":3,"href":"https:\/\/www.sys2diag.cnrs.fr\/fr\/wp-json\/wp\/v2\/pages\/1112\/revisions"}],"predecessor-version":[{"id":1117,"href":"https:\/\/www.sys2diag.cnrs.fr\/fr\/wp-json\/wp\/v2\/pages\/1112\/revisions\/1117"}],"up":[{"embeddable":true,"href":"https:\/\/www.sys2diag.cnrs.fr\/fr\/wp-json\/wp\/v2\/pages\/361"}],"wp:attachment":[{"href":"https:\/\/www.sys2diag.cnrs.fr\/fr\/wp-json\/wp\/v2\/media?parent=1112"}],"curies":[{"name":"wp","href":"https:\/\/api.w.org\/{rel}","templated":true}]}}