{"id":1184,"date":"2025-02-04T15:08:07","date_gmt":"2025-02-04T14:08:07","guid":{"rendered":"https:\/\/www.sys2diag.cnrs.fr\/?page_id=1184"},"modified":"2025-10-01T16:52:17","modified_gmt":"2025-10-01T14:52:17","slug":"plateforme-de-support-a-la-recherche-et-etude-clinique-chez-lhumain-shrec","status":"publish","type":"page","link":"https:\/\/www.sys2diag.cnrs.fr\/fr\/les-plates-formes\/plateforme-de-support-a-la-recherche-et-etude-clinique-chez-lhumain-shrec\/","title":{"rendered":"Plateforme de Support \u00e0 la Recherche et Etude Clinique chez l\u2019Humain (SHREC)"},"content":{"rendered":"<p><img loading=\"lazy\" decoding=\"async\" class=\"size-full wp-image-384\" style=\"margin-top: -30px; margin-bottom: 35px; border-radius: 6px;\" src=\"https:\/\/www.sys2diag.cnrs.fr\/wp-content\/uploads\/2025\/02\/SREC_Process.jpg\" alt=\"\" width=\"1800\" height=\"387\" \/><\/p>\n<h3 class=\"bigtitleHOne\"><b>Responsables de la plate-forme :<\/b><\/h3>\n<p>Responsable technique <b class=\"boldLine\">| Alimata OUEDRAOGO<\/b><br \/>\nResponsable scientifique et coordinatrice <b class=\"boldLine\">| Laurence MOLINA<\/b><br \/>\nIng\u00e9nieurs d\u2019\u00e9tudes Recherche Clinique <b class=\"boldLine\">| Alimata OUEDRAOGO<\/b><\/p>\n<hr \/>\n<h3 class=\"bigtitleHOne\"><b>Demande de prestation : <\/b><\/h3>\n<p>Les demandes de prestations sont \u00e0 faire en adressant un message \u00e0 l&rsquo;adresse shrec[@]sys2diag.cnrs.fr.<\/p>\n<h3 class=\"bigtitleHOne\"><a href=\"https:\/\/www.sys2diag.cnrs.fr\/fr\/formulaire-plateforme-de-support-a-la-recherche-et-etude-clinique-chez-lhumain-shrec\/\"><span class=\"label label-primary \" style=\"margin: 3px;\"> En cliquant ici <\/span><\/a>&gt; Acc\u00e9dez au formulaire en ligne<\/h3>\n<hr \/>\n<h3 class=\"bigtitleHOne\"><b>Les objectifs de la plateforme : <\/b><\/h3>\n<p>Accompagner les chercheurs CNRS, leurs partenaires acad\u00e9miques ou priv\u00e9s dans l\u2019\u00e9laboration d\u2019une recherche n\u00e9cessitant une \u00e9tude clinique avec :<\/p>\n<p>\u25cf \u00c9valuation de la faisabilit\u00e9 du projet : de la recherche vers la clinique<br \/>\n\u25cf Identification du type d\u2019\u00e9tude clinique concern\u00e9<br \/>\n\u25cf Accompagnement personnalis\u00e9 dans la m\u00e9thodologie (d\u00e9finition de l\u2019objectif principal et secondaire, de l\u2019effectif, etc.), les d\u00e9marches r\u00e9glementaires et aide \u00e0 la r\u00e9daction des documents n\u00e9cessaires ; ceci se fera en r\u00e8gle g\u00e9n\u00e9rale en lien avec les m\u00e9thodologistes hospitaliers.<br \/>\n\u25cf Aide au traitement de donn\u00e9es \u00e0 caract\u00e8re personnel en lien avec la r\u00e9glementation (r\u00e8glement europ\u00e9en RGPD2) et la loi Informatique et Libert\u00e9s (CNIL)<br \/>\n\u25cf Aide pour le d\u00e9p\u00f4t des diff\u00e9rents documents aupr\u00e8s des instances r\u00e9glementaires (ANSM, CNIL, CPP, etc.)<br \/>\n\u25cf Dosages multiplex\u00e9s<br \/>\n\u25cf Orientation vers des contacts et des prestataires sp\u00e9cialis\u00e9s pour la suite de l\u2019\u00e9tude apr\u00e8s la validation par les instances<br \/>\n\u25cf Formation et sensibilisation des chercheurs aux \u00e9tudes de recherche clinique<br \/>\n\u25cf Interfa\u00e7age de la recherche avec la Direction de la Recherche et de l\u2019Innovation du CHU Montpellier<\/p>\n<p><a href=\"https:\/\/www.sys2diag.cnrs.fr\/wp-content\/uploads\/2025\/02\/Plaquette-presentation-plateforme-SHREC-0225.pdf\">PDF<\/a><\/p>\n","protected":false},"excerpt":{"rendered":"<p>Responsables de la plate-forme : Responsable technique | Alimata OUEDRAOGO Responsable scientifique et coordinatrice | Laurence MOLINA Ing\u00e9nieurs d\u2019\u00e9tudes Recherche Clinique | Alimata OUEDRAOGO Demande de prestation : Les demandes &#8230;<\/p>\n","protected":false},"author":1,"featured_media":0,"parent":361,"menu_order":2,"comment_status":"closed","ping_status":"closed","template":"","meta":{"footnotes":""},"class_list":["post-1184","page","type-page","status-publish","hentry"],"_links":{"self":[{"href":"https:\/\/www.sys2diag.cnrs.fr\/fr\/wp-json\/wp\/v2\/pages\/1184","targetHints":{"allow":["GET"]}}],"collection":[{"href":"https:\/\/www.sys2diag.cnrs.fr\/fr\/wp-json\/wp\/v2\/pages"}],"about":[{"href":"https:\/\/www.sys2diag.cnrs.fr\/fr\/wp-json\/wp\/v2\/types\/page"}],"author":[{"embeddable":true,"href":"https:\/\/www.sys2diag.cnrs.fr\/fr\/wp-json\/wp\/v2\/users\/1"}],"replies":[{"embeddable":true,"href":"https:\/\/www.sys2diag.cnrs.fr\/fr\/wp-json\/wp\/v2\/comments?post=1184"}],"version-history":[{"count":10,"href":"https:\/\/www.sys2diag.cnrs.fr\/fr\/wp-json\/wp\/v2\/pages\/1184\/revisions"}],"predecessor-version":[{"id":1239,"href":"https:\/\/www.sys2diag.cnrs.fr\/fr\/wp-json\/wp\/v2\/pages\/1184\/revisions\/1239"}],"up":[{"embeddable":true,"href":"https:\/\/www.sys2diag.cnrs.fr\/fr\/wp-json\/wp\/v2\/pages\/361"}],"wp:attachment":[{"href":"https:\/\/www.sys2diag.cnrs.fr\/fr\/wp-json\/wp\/v2\/media?parent=1184"}],"curies":[{"name":"wp","href":"https:\/\/api.w.org\/{rel}","templated":true}]}}