{"id":333,"date":"2018-05-25T16:02:10","date_gmt":"2018-05-25T14:02:10","guid":{"rendered":"http:\/\/www.sys2diag.cnrs.fr\/?page_id=333"},"modified":"2022-06-30T14:46:35","modified_gmt":"2022-06-30T12:46:35","slug":"cofondateurs","status":"publish","type":"page","link":"https:\/\/www.sys2diag.cnrs.fr\/fr\/lunite\/cofondateurs\/","title":{"rendered":"Cofondateurs"},"content":{"rendered":"<p><img loading=\"lazy\" decoding=\"async\" class=\"aligncenter size-full wp-image-405\" style=\"margin-top: -30px; margin-bottom: 35px; border-radius: 6px;\" src=\"https:\/\/www.sys2diag.cnrs.fr\/wp-content\/uploads\/2018\/05\/IMG_4348-copie.jpg\" alt=\"\" width=\"1800\" height=\"386\" srcset=\"https:\/\/www.sys2diag.cnrs.fr\/wp-content\/uploads\/2018\/05\/IMG_4348-copie.jpg 1800w, https:\/\/www.sys2diag.cnrs.fr\/wp-content\/uploads\/2018\/05\/IMG_4348-copie-300x64.jpg 300w, https:\/\/www.sys2diag.cnrs.fr\/wp-content\/uploads\/2018\/05\/IMG_4348-copie-768x165.jpg 768w, https:\/\/www.sys2diag.cnrs.fr\/wp-content\/uploads\/2018\/05\/IMG_4348-copie-1024x220.jpg 1024w\" sizes=\"auto, (max-width: 1800px) 100vw, 1800px\" \/><\/p>\n<h1 class=\"bigtitleHOne\">Centre National de la Recherche Scientifique<\/h1>\n<hr \/>\n<p>Le <strong>CNRS<\/strong> est un \u00e9tablissement public \u00e0 caract\u00e8re scientifique et technologique, plac\u00e9 sous tutelle du Minist\u00e8re de l&rsquo;enseignement superieur et de la recherche. Avec 30 000 personnes (chercheurs, ingenieurs, techniciens et administratifs), un budget de 3,080 milliards d&rsquo;euros dont 513 millions d&rsquo;euros de resources propres, une implantation international, le CNRS exerce son activit\u00e9 dans tous les champs de connaissance, en s&rsquo;appuyant sur 1260 unit\u00e9s de recherches et de services. 19 d\u00e9l\u00e9gations repr\u00e9sentent le CNRS en r\u00e9gion et assurent la gestion directe des laboratoires. Par son potentiel scientifique, la d\u00e9l\u00e9gation du Languedoc-Roussillon figure parmi les 5 premi\u00e8res r\u00e9gions.<\/p>\n<div style=\"text-align: left;\"><b>Site national du CNRS : <\/b><em style=\"color: #f4690c;\"><a href=\"https:\/\/www.cnrs.fr\/\"> https:\/\/www.cnrs.fr\/<\/a><\/em><\/div>\n<div style=\"text-align: left;\"><b>Le site du CNRS en r\u00e9gion : <\/b> <em style=\"color: #f4690c;\"><a href=\"https:\/\/www.cnrs.fr\/languedoc-roussillon\/index.htm\">https:\/\/www.cnrs.fr\/languedoc-roussillon\/<\/a><\/em><\/div>\n<h3 class=\"bigtitleHOne\"><\/h3>\n<h1 class=\"bigtitleHOne\">ALCEN<\/h1>\n<p><span class=\"\">ALCEN est une E.T.I. fran\u00e7aise constitu\u00e9e d\u2019une quinzaine de soci\u00e9t\u00e9s de hautes technologies, actives dans les domaines de <\/span><span class=\"\">la D\u00e9fense\u00a0<\/span><span class=\"\">et\u00a0<\/span><span class=\"\">S\u00e9curit\u00e9, l\u2019Energie, le M\u00e9dical et la Sant\u00e9, l\u2019A\u00e9ronautique et le Spatial, les Grands Instruments Scientifiques.\u00a0<\/span><\/p>\n<p><span class=\"\">ALCEN a pour ambition d&rsquo;y \u00e9tablir une politique constante d&rsquo;innovation, appliqu\u00e9e en priorit\u00e9 \u00e0 ses propres produits et services.<\/span><\/p>\n<p><span class=\"\">Elle d\u00e9veloppe en interne une base technologique particuli\u00e8rement \u00e9tendue. Elle collabore \u00e9troitement avec des centres de recherche. Elle transf\u00e8re syst\u00e9matiquement d&rsquo;un domaine vers les autres les avanc\u00e9es technologiques et retours d&rsquo;exp\u00e9rience. Elle d\u00e9veloppe ses technologies dans des laboratoires sp\u00e9cialis\u00e9s organis\u00e9s autour d&rsquo;un nombre limit\u00e9 d&rsquo;experts de haut niveau.<\/span><\/p>\n<p><span class=\"\">ALCEN construit ainsi un mod\u00e8le technologique int\u00e9gr\u00e9 original b\u00e9n\u00e9ficiant d&rsquo;une productivit\u00e9 d&rsquo;exception.<\/span><\/p>\n<div><\/div>\n<div><\/div>\n<div><b>Site ALCEN : <\/b><em><a href=\"https:\/\/www.alcen.com\/fr\"> https:\/\/www.alcen.com<\/a><\/em><\/div>\n<div><\/div>\n<div><\/div>\n","protected":false},"excerpt":{"rendered":"<p>Centre National de la Recherche Scientifique Le CNRS est un \u00e9tablissement public \u00e0 caract\u00e8re scientifique et technologique, plac\u00e9 sous tutelle du Minist\u00e8re de l&rsquo;enseignement superieur et de la recherche. Avec &#8230;<\/p>\n","protected":false},"author":1,"featured_media":0,"parent":353,"menu_order":6,"comment_status":"closed","ping_status":"closed","template":"","meta":{"footnotes":""},"class_list":["post-333","page","type-page","status-publish","hentry"],"_links":{"self":[{"href":"https:\/\/www.sys2diag.cnrs.fr\/fr\/wp-json\/wp\/v2\/pages\/333","targetHints":{"allow":["GET"]}}],"collection":[{"href":"https:\/\/www.sys2diag.cnrs.fr\/fr\/wp-json\/wp\/v2\/pages"}],"about":[{"href":"https:\/\/www.sys2diag.cnrs.fr\/fr\/wp-json\/wp\/v2\/types\/page"}],"author":[{"embeddable":true,"href":"https:\/\/www.sys2diag.cnrs.fr\/fr\/wp-json\/wp\/v2\/users\/1"}],"replies":[{"embeddable":true,"href":"https:\/\/www.sys2diag.cnrs.fr\/fr\/wp-json\/wp\/v2\/comments?post=333"}],"version-history":[{"count":28,"href":"https:\/\/www.sys2diag.cnrs.fr\/fr\/wp-json\/wp\/v2\/pages\/333\/revisions"}],"predecessor-version":[{"id":1094,"href":"https:\/\/www.sys2diag.cnrs.fr\/fr\/wp-json\/wp\/v2\/pages\/333\/revisions\/1094"}],"up":[{"embeddable":true,"href":"https:\/\/www.sys2diag.cnrs.fr\/fr\/wp-json\/wp\/v2\/pages\/353"}],"wp:attachment":[{"href":"https:\/\/www.sys2diag.cnrs.fr\/fr\/wp-json\/wp\/v2\/media?parent=333"}],"curies":[{"name":"wp","href":"https:\/\/api.w.org\/{rel}","templated":true}]}}