{"id":338,"date":"2018-05-25T16:11:40","date_gmt":"2018-05-25T14:11:40","guid":{"rendered":"http:\/\/www.sys2diag.cnrs.fr\/?page_id=338"},"modified":"2022-03-15T16:41:22","modified_gmt":"2022-03-15T15:41:22","slug":"contacts","status":"publish","type":"page","link":"https:\/\/www.sys2diag.cnrs.fr\/fr\/infos\/contacts\/","title":{"rendered":"Contacts"},"content":{"rendered":"<div class=\"container\">\n<p><img loading=\"lazy\" decoding=\"async\" class=\"aligncenter size-full wp-image-538\" style=\"margin-top: -30px; margin-bottom: 35px; border-radius: 6px;\" src=\"https:\/\/www.sys2diag.cnrs.fr\/wp-content\/uploads\/2018\/05\/IMG_4244-copie.jpg\" alt=\"\" width=\"1796\" height=\"547\" \/><\/p>\n<h1 class=\"bigtitleHOne\">Formulaire de\u00a0 contact:<\/h1>\n\n<div class=\"wpcf7 no-js\" id=\"wpcf7-f778-o1\" lang=\"fr-FR\" dir=\"ltr\" data-wpcf7-id=\"778\">\n<div class=\"screen-reader-response\"><p role=\"status\" aria-live=\"polite\" aria-atomic=\"true\"><\/p> <ul><\/ul><\/div>\n<form action=\"\/fr\/wp-json\/wp\/v2\/pages\/338#wpcf7-f778-o1\" method=\"post\" class=\"wpcf7-form init\" aria-label=\"Formulaire de contact\" novalidate=\"novalidate\" data-status=\"init\">\n<fieldset class=\"hidden-fields-container\"><input type=\"hidden\" name=\"_wpcf7\" value=\"778\" \/><input type=\"hidden\" name=\"_wpcf7_version\" value=\"6.1.5\" \/><input type=\"hidden\" name=\"_wpcf7_locale\" value=\"fr_FR\" \/><input type=\"hidden\" name=\"_wpcf7_unit_tag\" value=\"wpcf7-f778-o1\" \/><input type=\"hidden\" name=\"_wpcf7_container_post\" value=\"0\" \/><input type=\"hidden\" name=\"_wpcf7_posted_data_hash\" value=\"\" \/><input type=\"hidden\" name=\"_wpcf7_recaptcha_response\" value=\"\" \/>\n<\/fieldset>\n<p><label> Votre nom (obligatoire)<br \/>\n<span class=\"wpcf7-form-control-wrap\" data-name=\"your-name\"><input size=\"40\" maxlength=\"400\" class=\"wpcf7-form-control wpcf7-text wpcf7-validates-as-required\" aria-required=\"true\" aria-invalid=\"false\" value=\"\" type=\"text\" name=\"your-name\" \/><\/span> <\/label>\n<\/p>\n<p><label> Votre adresse de messagerie (obligatoire)<br \/>\n<span class=\"wpcf7-form-control-wrap\" data-name=\"your-email\"><input size=\"40\" maxlength=\"400\" class=\"wpcf7-form-control wpcf7-email wpcf7-validates-as-required wpcf7-text wpcf7-validates-as-email\" aria-required=\"true\" aria-invalid=\"false\" value=\"\" type=\"email\" name=\"your-email\" \/><\/span> <\/label>\n<\/p>\n<p><label> Objet<br \/>\n<span class=\"wpcf7-form-control-wrap\" data-name=\"your-subject\"><input size=\"40\" maxlength=\"400\" class=\"wpcf7-form-control wpcf7-text\" aria-invalid=\"false\" value=\"\" type=\"text\" name=\"your-subject\" \/><\/span> <\/label>\n<\/p>\n<p><label> Votre message<br \/>\n<span class=\"wpcf7-form-control-wrap\" data-name=\"your-message\"><textarea cols=\"40\" rows=\"10\" maxlength=\"2000\" class=\"wpcf7-form-control wpcf7-textarea\" aria-invalid=\"false\" name=\"your-message\"><\/textarea><\/span> <\/label>\n<\/p>\n<p><input class=\"wpcf7-form-control wpcf7-submit has-spinner\" type=\"submit\" value=\"Envoyer\" \/>\n<\/p><div class=\"wpcf7-response-output\" aria-hidden=\"true\"><\/div>\n<\/form>\n<\/div>\n\n<\/div>\n\n\n<h1 class=\"wp-block-heading\">Adresse postale pour tous vos contacts:<\/h1>\n\n\n\n<p><strong>Adresse<\/strong><br><strong>CNRS \u2013 SYS2DIAG \u2013 UMR 9005<\/strong><br>Mod\u00e9lisation et Ing\u00e9nierie des Syst\u00e8mes Complexes Biologiques pour le Diagnostic<br>Parc Eurom\u00e9decine \u2013 Cap Delta<br>1682 Rue de la valsi\u00e8re<br>34184 Montpellier Cedex 4<br>France<\/p>\n\n\n\n<p><strong>Tel<\/strong><br>+33 4 67 04 74 74<\/p>\n\n\n\n<p><strong>Adresse Email<\/strong><br>contact@sys2diag.cnrs.fr<\/p>\n","protected":false},"excerpt":{"rendered":"<p>Formulaire de\u00a0 contact: Adresse postale pour tous vos contacts: AdresseCNRS \u2013 SYS2DIAG \u2013 UMR 9005Mod\u00e9lisation et Ing\u00e9nierie des Syst\u00e8mes Complexes Biologiques pour le DiagnosticParc Eurom\u00e9decine \u2013 Cap Delta1682 Rue de &#8230;<\/p>\n","protected":false},"author":1,"featured_media":0,"parent":336,"menu_order":13,"comment_status":"closed","ping_status":"closed","template":"","meta":{"footnotes":""},"class_list":["post-338","page","type-page","status-publish","hentry"],"_links":{"self":[{"href":"https:\/\/www.sys2diag.cnrs.fr\/fr\/wp-json\/wp\/v2\/pages\/338","targetHints":{"allow":["GET"]}}],"collection":[{"href":"https:\/\/www.sys2diag.cnrs.fr\/fr\/wp-json\/wp\/v2\/pages"}],"about":[{"href":"https:\/\/www.sys2diag.cnrs.fr\/fr\/wp-json\/wp\/v2\/types\/page"}],"author":[{"embeddable":true,"href":"https:\/\/www.sys2diag.cnrs.fr\/fr\/wp-json\/wp\/v2\/users\/1"}],"replies":[{"embeddable":true,"href":"https:\/\/www.sys2diag.cnrs.fr\/fr\/wp-json\/wp\/v2\/comments?post=338"}],"version-history":[{"count":18,"href":"https:\/\/www.sys2diag.cnrs.fr\/fr\/wp-json\/wp\/v2\/pages\/338\/revisions"}],"predecessor-version":[{"id":1075,"href":"https:\/\/www.sys2diag.cnrs.fr\/fr\/wp-json\/wp\/v2\/pages\/338\/revisions\/1075"}],"up":[{"embeddable":true,"href":"https:\/\/www.sys2diag.cnrs.fr\/fr\/wp-json\/wp\/v2\/pages\/336"}],"wp:attachment":[{"href":"https:\/\/www.sys2diag.cnrs.fr\/fr\/wp-json\/wp\/v2\/media?parent=338"}],"curies":[{"name":"wp","href":"https:\/\/api.w.org\/{rel}","templated":true}]}}