{"id":359,"date":"2018-05-25T16:50:35","date_gmt":"2018-05-25T14:50:35","guid":{"rendered":"http:\/\/www.sys2diag.cnrs.fr\/?page_id=359"},"modified":"2018-05-30T21:10:14","modified_gmt":"2018-05-30T19:10:14","slug":"les-enseignements","status":"publish","type":"page","link":"https:\/\/www.sys2diag.cnrs.fr\/fr\/lunite\/les-enseignements\/","title":{"rendered":"Les enseignements"},"content":{"rendered":"<p><img loading=\"lazy\" decoding=\"async\" style=\"margin-top: -30px; MARGIN-BOTTOM: 35px; border-radius: 6px;\" src=\"https:\/\/www.sys2diag.cnrs.fr\/wp-content\/uploads\/2018\/05\/CHR_2876_print-copie-e1492182579195.jpg\" alt=\"\" width=\"1800\" height=\"387\" class=\"size-full wp-image-171\" \/> <\/p>\n<h1 class=\"bigtitleHOne\">Enseignements <\/h1>\n<p>En plus de ses activit\u00e9s de recherche, l&rsquo;unit\u00e9 <b class=\"importantColor\">Sys2Diag<\/b> assure une mission p\u00e9dagogique de formation et d&rsquo;enseignement, en intervenant dans divers cursus propos\u00e9s par les universit\u00e9s r\u00e9gionales <b class=\"boldLine\">(Universit\u00e9 de Montpellier et Universit\u00e9 Montpellier III)<\/b><\/p>\n","protected":false},"excerpt":{"rendered":"<p>Enseignements En plus de ses activit\u00e9s de recherche, l&rsquo;unit\u00e9 Sys2Diag assure une mission p\u00e9dagogique de formation et d&rsquo;enseignement, en intervenant dans divers cursus propos\u00e9s par les universit\u00e9s r\u00e9gionales (Universit\u00e9 de &#8230;<\/p>\n","protected":false},"author":1,"featured_media":0,"parent":353,"menu_order":14,"comment_status":"closed","ping_status":"closed","template":"","meta":{"footnotes":""},"class_list":["post-359","page","type-page","status-publish","hentry"],"_links":{"self":[{"href":"https:\/\/www.sys2diag.cnrs.fr\/fr\/wp-json\/wp\/v2\/pages\/359","targetHints":{"allow":["GET"]}}],"collection":[{"href":"https:\/\/www.sys2diag.cnrs.fr\/fr\/wp-json\/wp\/v2\/pages"}],"about":[{"href":"https:\/\/www.sys2diag.cnrs.fr\/fr\/wp-json\/wp\/v2\/types\/page"}],"author":[{"embeddable":true,"href":"https:\/\/www.sys2diag.cnrs.fr\/fr\/wp-json\/wp\/v2\/users\/1"}],"replies":[{"embeddable":true,"href":"https:\/\/www.sys2diag.cnrs.fr\/fr\/wp-json\/wp\/v2\/comments?post=359"}],"version-history":[{"count":5,"href":"https:\/\/www.sys2diag.cnrs.fr\/fr\/wp-json\/wp\/v2\/pages\/359\/revisions"}],"predecessor-version":[{"id":513,"href":"https:\/\/www.sys2diag.cnrs.fr\/fr\/wp-json\/wp\/v2\/pages\/359\/revisions\/513"}],"up":[{"embeddable":true,"href":"https:\/\/www.sys2diag.cnrs.fr\/fr\/wp-json\/wp\/v2\/pages\/353"}],"wp:attachment":[{"href":"https:\/\/www.sys2diag.cnrs.fr\/fr\/wp-json\/wp\/v2\/media?parent=359"}],"curies":[{"name":"wp","href":"https:\/\/api.w.org\/{rel}","templated":true}]}}