{"id":363,"date":"2018-05-25T16:53:27","date_gmt":"2018-05-25T14:53:27","guid":{"rendered":"http:\/\/www.sys2diag.cnrs.fr\/?page_id=363"},"modified":"2024-10-24T17:16:28","modified_gmt":"2024-10-24T15:16:28","slug":"plate-forme-de-proteomique-clinique","status":"publish","type":"page","link":"https:\/\/www.sys2diag.cnrs.fr\/fr\/les-plates-formes\/plate-forme-de-proteomique-clinique\/","title":{"rendered":"Plate-forme de prot\u00e9omique clinique"},"content":{"rendered":"<p><img loading=\"lazy\" decoding=\"async\" class=\"size-full wp-image-384\" style=\"margin-top: -30px; margin-bottom: 35px; border-radius: 6px;\" src=\"https:\/\/www.sys2diag.cnrs.fr\/wp-content\/uploads\/2018\/05\/CHR_2800_print-copie-2.jpg\" alt=\"\" width=\"1800\" height=\"387\" \/><\/p>\n<h3 class=\"bigtitleHOne\"><b>Responsables de la plate-forme :<\/b><\/h3>\n<p>Responsable technique et coordinatrice <b class=\"boldLine\">| Laurence MOLINA<\/b><br \/>\nResponsable scientifique <b class=\"boldLine\">| Franck MOLINA<\/b><\/p>\n<hr \/>\n<h3 class=\"bigtitleHOne\"><b>Demande de prestation : <\/b><\/h3>\n<p>Les demandes de prestations sont \u00e0 faire en adressant un message\u00a0 \u00e0 l&rsquo;adresse ppc[@]sys2diag.cnrs.fr.<\/p>\n<h3 class=\"bigtitleHOne\"><a href=\"https:\/\/www.sys2diag.cnrs.fr\/fr\/les-plates-formes\/ppc-form\/\" data-wplink-edit=\"true\"><span class=\"label label-primary \" style=\"margin: 3px;\"> En cliquant ici <\/span><\/a>&gt; Acc\u00e9dez au formulaire en ligne<\/h3>\n<hr \/>\n<h3 class=\"bigtitleHOne\"><b>Missions : <\/b><\/h3>\n<p>La Plate-forme de Prot\u00e9omique Clinique (PPC) vise \u00e0 exploiter les derniers d\u00e9veloppements technologiques et bioinformatiques en prot\u00e9omique pour la d\u00e9couverte et la validation de biomarqueurs dans des pathologies humaines complexes.<br \/>\nLes missions fix\u00e9es pour la plate-forme prot\u00e9omique clinique s\u2019articulent autour de 2 axes :<br \/>\n&#8211; D\u00e9velopper de nouvelles approches m\u00e9thodologiques pour la prot\u00e9omique clinique dans le domaine de la pr\u00e9paration des \u00e9chantillons biologiques (pr\u00e9fractionnement, enrichissement en prot\u00e9ines faiblement abondantes, &#8230;), de la s\u00e9paration des prot\u00e9ines et de l\u2019analyse bioinformatique des donn\u00e9es.<br \/>\n&#8211; Rendre disponible aux \u00e9quipes acad\u00e9miques et industrielles r\u00e9gionales et au-del\u00e0, une expertise m\u00e9dicale, biologique et technique en Prot\u00e9omique Clinique.<\/p>\n<hr \/>\n<h3 class=\"bigtitleHOne\"><b>Comp\u00e9tences : <\/b><\/h3>\n<p><b class=\"boldLine\" style=\"color: #7f8489;\">Biochimie <\/b><br \/>\n\u25cf Aide \u00e0 la conception des exp\u00e9riences prot\u00e9omiques<br \/>\n\u25cf Pr\u00e9paration des \u00e9chantillons biologiques pour l\u2019analyse prot\u00e9omique (pr\u00e9fractionnement, enrichissement prot\u00e9ique, \u2026)<br \/>\n\u25cf S\u00e9paration des prot\u00e9ines par \u00e9lectrophor\u00e8se (1D et 2D)<br \/>\n\u25cf Analyse d\u2019image (Progenesis Samespot, Sili2Dgel)<br \/>\n\u25cf Prot\u00e9omiques quantitative et qualitative<br \/>\n\u25cf Dosages multiplex\u00e9s<\/p>\n<p><b class=\"boldLine\" style=\"color: #7f8489;\">Biostatistique\/Bioinformatique <\/b><br \/>\n\u25cf Management des donn\u00e9es : Contr\u00f4le qualit\u00e9 des donn\u00e9es, identification des biais, traitement pr\u00e9liminaire des donn\u00e9es (normalisation, soustraction du bruit de fond)<br \/>\n\u25cf Analyses fonctionnelle des r\u00e9seaux biologiques de prot\u00e9ines<\/p>\n<p><b class=\"boldLine\" style=\"color: #7f8489;\">Peptides arrays \u2013 analyse d\u2019interactions <\/b><br \/>\n\u25cf Synth\u00e8se rapide d\u2019un grand nombre de peptides diff\u00e9rents sur membrane de cellulose (peptide arrays) pour la cartographie et la caract\u00e9risation d\u2019\u00e9pitopes et de sites d\u2019interactions. La r\u00e9activit\u00e9 est facilement \u00e9valu\u00e9e par des tests de type immuno-r\u00e9v\u00e9lation.<\/p>\n<p><b class=\"boldLine\" style=\"color: #7f8489;\">Microfluidique <\/b><br \/>\n\u25cf Plateau d\u2019analyses microfluidiques en phases homog\u00e8nes et h\u00e9t\u00e9rog\u00e8nes (droplets, vesicules, cellules)<\/p>\n<hr \/>\n<h3 class=\"bigtitleHOne\"><b>\u00c9quipements : <\/b><\/h3>\n<p>\u25cf S\u00e9paration des prot\u00e9ines en gel mono et bi-dimensionnel et analyse d\u2019image (Acc\u00e8s MS)<br \/>\n\u25cf Analyse multiplex\u00e9es de type luminex\u00ae (Bioplex\u00ae, Biorad)<br \/>\n\u25cf Logiciels en biostatistiques, analyses de r\u00e9seaux et en math\u00e9matiques: R, Cytoscape<br \/>\n\u25cf Serveurs de calcul et de stockage.<br \/>\n\u25cf Robot de synth\u00e8se Multipep (Intavis)<br \/>\n\u25cf Syst\u00e8me d\u2019analyse microfluidique (Microscope fluorescence, lasers, micro-pompes, cameras haute vitesse, etc.)<\/p>\n<hr \/>\n<h3 class=\"bigtitleHOne\"><b>Acc\u00e9s : <\/b><\/h3>\n<p>La plate-forme accueille les projets du laboratoire mais aussi les projets d\u2019\u00e9quipes de recherche acad\u00e9miques ou priv\u00e9es sous forme de collaborations (ou de prestations). La Plateforme offre une expertise et des moyens techniques en biochimie, en biostatistiques, en bioinformatique, en microfluidique et en chimie du peptide appliqu\u00e9s aux domaines de la prot\u00e9omique clinique.<\/p>\n<hr \/>\n<h3 class=\"bigtitleHOne\"><b>Qualit\u00e9 : <\/b><\/h3>\n<p>Afin de pleinement souscrire aux crit\u00e8res de qualit\u00e9 la plateforme s&rsquo;est engag\u00e9 dans une d\u00e9marche qualit\u00e9.<\/p>\n","protected":false},"excerpt":{"rendered":"<p>Responsables de la plate-forme : Responsable technique et coordinatrice | Laurence MOLINA Responsable scientifique | Franck MOLINA Demande de prestation : Les demandes de prestations sont \u00e0 faire en adressant &#8230;<\/p>\n","protected":false},"author":1,"featured_media":0,"parent":361,"menu_order":6,"comment_status":"closed","ping_status":"closed","template":"","meta":{"footnotes":""},"class_list":["post-363","page","type-page","status-publish","hentry"],"_links":{"self":[{"href":"https:\/\/www.sys2diag.cnrs.fr\/fr\/wp-json\/wp\/v2\/pages\/363","targetHints":{"allow":["GET"]}}],"collection":[{"href":"https:\/\/www.sys2diag.cnrs.fr\/fr\/wp-json\/wp\/v2\/pages"}],"about":[{"href":"https:\/\/www.sys2diag.cnrs.fr\/fr\/wp-json\/wp\/v2\/types\/page"}],"author":[{"embeddable":true,"href":"https:\/\/www.sys2diag.cnrs.fr\/fr\/wp-json\/wp\/v2\/users\/1"}],"replies":[{"embeddable":true,"href":"https:\/\/www.sys2diag.cnrs.fr\/fr\/wp-json\/wp\/v2\/comments?post=363"}],"version-history":[{"count":12,"href":"https:\/\/www.sys2diag.cnrs.fr\/fr\/wp-json\/wp\/v2\/pages\/363\/revisions"}],"predecessor-version":[{"id":1178,"href":"https:\/\/www.sys2diag.cnrs.fr\/fr\/wp-json\/wp\/v2\/pages\/363\/revisions\/1178"}],"up":[{"embeddable":true,"href":"https:\/\/www.sys2diag.cnrs.fr\/fr\/wp-json\/wp\/v2\/pages\/361"}],"wp:attachment":[{"href":"https:\/\/www.sys2diag.cnrs.fr\/fr\/wp-json\/wp\/v2\/media?parent=363"}],"curies":[{"name":"wp","href":"https:\/\/api.w.org\/{rel}","templated":true}]}}