{"id":378,"date":"2018-05-25T17:02:04","date_gmt":"2018-05-25T15:02:04","guid":{"rendered":"http:\/\/www.sys2diag.cnrs.fr\/?page_id=378"},"modified":"2020-04-24T12:13:09","modified_gmt":"2020-04-24T10:13:09","slug":"bionetcad","status":"publish","type":"page","link":"https:\/\/www.sys2diag.cnrs.fr\/fr\/outils\/bionetcad\/","title":{"rendered":"BioNetCAD"},"content":{"rendered":"<p><div class='white' style='background:rgba(0,0,0,0); border:solid 0px rgba(0,0,0,0); border-radius:0px; padding:0px 0px 0px 0px;'>\n<div id='slider_research' class='owl-carousel sa_owl_theme ' data-slider-id='slider_research' style='visibility:hidden;'>\n<div id='slider_research_slide03' class='sa_hover_container' style='padding:0% 0%; margin:0px 0%; min-height:0px; '><p><img loading=\"lazy\" decoding=\"async\" class=\"aligncenter size-full wp-image-407\" style=\"margin-top: 0px; margin-bottom: 0px; border-radius: 6px;\" src=\"https:\/\/www.sys2diag.cnrs.fr\/wp-content\/uploads\/2020\/04\/PERRIN_IMG2.jpg\" alt=\"\" width=\"1800\" height=\"387\" \/><\/p><\/div>\n<div id='slider_research_slide02' class='sa_hover_container' style='padding:0% 0%; margin:0px 0%; min-height:0px; '><p><img loading=\"lazy\" decoding=\"async\" class=\"aligncenter size-full wp-image-407\" style=\"margin-top: 0px; margin-bottom: 0px; border-radius: 6px;\" src=\"https:\/\/www.sys2diag.cnrs.fr\/wp-content\/uploads\/2020\/04\/IMG_4504-1.jpg\" alt=\"\" width=\"1800\" height=\"387\" \/><\/p><\/div>\n<div id='slider_research_slide01' class='sa_hover_container' style='padding:0% 0%; margin:0px 0%; min-height:0px; '><p><img loading=\"lazy\" decoding=\"async\" class=\"aligncenter size-full wp-image-407\" style=\"margin-top: 0px; margin-bottom: 0px; border-radius: 6px;\" src=\"https:\/\/www.sys2diag.cnrs.fr\/wp-content\/uploads\/2018\/05\/PERRIN_IMG7-copie-2-e1492521950757.jpg\" alt=\"\" width=\"1799\" height=\"387\" \/><\/p><\/div>\n<\/div>\n<\/div>\n<script type='text\/javascript'>\n\tjQuery(document).ready(function() {\n\t\tjQuery('#slider_research').owlCarousel({\n\t\t\titems : 1,\n\t\t\tanimateOut : 'fadeOut',\n\t\t\tsmartSpeed : 3000,\n\t\t\tautoplay : true,\n\t\t\tautoplayTimeout : 7000,\n\t\t\tautoplayHoverPause : false,\n\t\t\tsmartSpeed : 3000,\n\t\t\tfluidSpeed : 3000,\n\t\t\tautoplaySpeed : 3000,\n\t\t\tnavSpeed : 3000,\n\t\t\tdotsSpeed : 3000,\n\t\t\tloop : true,\n\t\t\tnav : false,\n\t\t\tnavText : ['Previous','Next'],\n\t\t\tdots : false,\n\t\t\tresponsiveRefreshRate : 200,\n\t\t\tslideBy : 1,\n\t\t\tmergeFit : true,\n\t\t\tautoHeight : false,\n\t\t\tmouseDrag : false,\n\t\t\ttouchDrag : false\n\t\t});\n\t\tjQuery('#slider_research').css('visibility', 'visible');\n\t\tvar owl_goto = jQuery('#slider_research');\n\t\tjQuery('.slider_research_goto1').click(function(event){\n\t\t\towl_goto.trigger('to.owl.carousel', 0);\n\t\t});\n\t\tjQuery('.slider_research_goto2').click(function(event){\n\t\t\towl_goto.trigger('to.owl.carousel', 1);\n\t\t});\n\t\tjQuery('.slider_research_goto3').click(function(event){\n\t\t\towl_goto.trigger('to.owl.carousel', 2);\n\t\t});\n\t\tvar resize_965 = jQuery('.owl-carousel');\n\t\tresize_965.on('initialized.owl.carousel', function(e) {\n\t\t\tif (typeof(Event) === 'function') {\n\t\t\t\twindow.dispatchEvent(new Event('resize'));\n\t\t\t} else {\n\t\t\t\tvar evt = window.document.createEvent('UIEvents');\n\t\t\t\tevt.initUIEvent('resize', true, false, window, 0);\n\t\t\t\twindow.dispatchEvent(evt);\n\t\t\t}\n\t\t});\n\t});\n<\/script>\n<br \/>\n&nbsp;<\/p>\n<h3 class=\"bigtitleHOne\">Pr\u00e9sentation:<\/h3>\n<p style=\"text-align: left;\">BioNetCAD est un outil de conception assist\u00e9e par ordinateur pour la biologie synth\u00e9tique se pr\u00e9sentant sour la forme d&rsquo;un plugin de CellDesigner (<a href=\"http:\/\/www.celldesigner.org\/\"><em style=\"color: #346db0;\">http:\/\/www.celldesigner.org\/<\/em><\/a>). BioNetCAD permet la conception de r\u00e9seaux biochimiques abstraits qui peuvent \u00eatre impl\u00e9ment\u00e9s gr\u00e2ce \u00e0 CompuBioTicDB, une base de donn\u00e9es de composants pour la biologie synth\u00e9tique. BioNetCAD permet aussi de r\u00e9aliser des simulations avec le logiciel Hsim (<a href=\"https:\/\/www.lri.fr\/~pa\/Hsim\/index.html\"><em style=\"color: #346db0;\"> https:\/\/www.lri.fr\/~pa\/Hsim\/index.html<\/em><\/a>).<\/p>\n<p><em style=\"color: #7f8489;\">&nbsp;<\/em><\/p>\n<div>\n<div class=\"pull-middle\">\n<hr>\n<h3 class=\"bigtitleHOne\">T\u00e9l\u00e9chargements:<\/h3>\n<h3><a href=\"https:\/\/www.sys2diag.cnrs.fr\/wp-content\/uploads\/2020\/04\/BioNetCAD_1.1.zip\" target=\"_blank\" rel=\"noopener noreferrer\"><span class=\"label label-default\" style=\"width: 25%; margin-right: 5px;\">BioNetCAD Plugin V1.1 15-04-2010<\/span><\/a><a href=\"https:\/\/www.sys2diag.cnrs.fr\/wp-content\/uploads\/2020\/04\/Installation_instructions_1.1.txt\" target=\"_blank\" rel=\"noopener noreferrer\"><span class=\"label label-primary\" style=\"width: 25%; margin-right: 5px;\">Instalation V1.1 15-04-2010<\/span><\/a><a href=\"https:\/\/www.sys2diag.cnrs.fr\/wp-content\/uploads\/2020\/04\/BioNetCAD_Tutorial_1.1.pdf\" target=\"_blank\" rel=\"noopener noreferrer\"><span class=\"label label-warning\" style=\"width: 25%; margin-right: 5px;\">Documentation V1.1 15-04-2010<\/span><\/a><\/h3>\n<\/div>\n<\/div>\n","protected":false},"excerpt":{"rendered":"<p>&nbsp; Pr\u00e9sentation: BioNetCAD est un outil de conception assist\u00e9e par ordinateur pour la biologie synth\u00e9tique se pr\u00e9sentant sour la forme d&rsquo;un plugin de CellDesigner (http:\/\/www.celldesigner.org\/). BioNetCAD permet la conception de &#8230;<\/p>\n","protected":false},"author":1,"featured_media":0,"parent":376,"menu_order":10,"comment_status":"closed","ping_status":"closed","template":"","meta":{"footnotes":""},"class_list":["post-378","page","type-page","status-publish","hentry"],"_links":{"self":[{"href":"https:\/\/www.sys2diag.cnrs.fr\/fr\/wp-json\/wp\/v2\/pages\/378","targetHints":{"allow":["GET"]}}],"collection":[{"href":"https:\/\/www.sys2diag.cnrs.fr\/fr\/wp-json\/wp\/v2\/pages"}],"about":[{"href":"https:\/\/www.sys2diag.cnrs.fr\/fr\/wp-json\/wp\/v2\/types\/page"}],"author":[{"embeddable":true,"href":"https:\/\/www.sys2diag.cnrs.fr\/fr\/wp-json\/wp\/v2\/users\/1"}],"replies":[{"embeddable":true,"href":"https:\/\/www.sys2diag.cnrs.fr\/fr\/wp-json\/wp\/v2\/comments?post=378"}],"version-history":[{"count":8,"href":"https:\/\/www.sys2diag.cnrs.fr\/fr\/wp-json\/wp\/v2\/pages\/378\/revisions"}],"predecessor-version":[{"id":1017,"href":"https:\/\/www.sys2diag.cnrs.fr\/fr\/wp-json\/wp\/v2\/pages\/378\/revisions\/1017"}],"up":[{"embeddable":true,"href":"https:\/\/www.sys2diag.cnrs.fr\/fr\/wp-json\/wp\/v2\/pages\/376"}],"wp:attachment":[{"href":"https:\/\/www.sys2diag.cnrs.fr\/fr\/wp-json\/wp\/v2\/media?parent=378"}],"curies":[{"name":"wp","href":"https:\/\/api.w.org\/{rel}","templated":true}]}}