{"id":635,"date":"2019-09-02T17:12:52","date_gmt":"2019-09-02T15:12:52","guid":{"rendered":"https:\/\/www.sys2diag.cnrs.fr\/?page_id=635"},"modified":"2022-03-15T16:43:12","modified_gmt":"2022-03-15T15:43:12","slug":"rgpd","status":"publish","type":"page","link":"https:\/\/www.sys2diag.cnrs.fr\/fr\/infos\/rgpd\/","title":{"rendered":"Mentions l\u00e9gales"},"content":{"rendered":"\n<h2 class=\"wp-block-heading\">Editeur du site :<\/h2>\n\n\n\n<p>Conform\u00e9ment aux dispositions de l\u2019article 6 III-1 de la loi n\u00b0 2004-575 du 21 juin 2004 pour la confiance dans l\u2019\u00e9conomie num\u00e9rique, nous vous informons que le site web www.sys2diag.cnrs.fr est la propri\u00e9t\u00e9 de :<\/p>\n\n\n\n<p><strong>CNRS \u2013 SYS2DIAG &#8211; UMR 9005<\/strong><br>Mod\u00e9lisation et Ing\u00e9nierie des Syst\u00e8mes Complexes Biologiques pour le Diagnostic<br>Parc Eurom\u00e9decine &#8211; Cap Delta<br>1682 Rue de la valsi\u00e8re<br>34184 Montpellier Cedex 4<\/p>\n\n\n\n<p>Le responsable de publication est Franck Molina, Directeur de l\u2019UMR SYS2DIAG.<\/p>\n\n\n\n<p>Pour toute demande concernant le site internet, merci d\u2019utiliser le <a href=\"https:\/\/www.sys2diag.cnrs.fr\/fr\/infos\/contacts\/\">formulaire de contact<\/a>.<\/p>\n\n\n\n<h2 class=\"wp-block-heading\">H\u00e9bergement du site :<\/h2>\n\n\n\n<p>L\u2019h\u00e9bergement du site www.sys2diag.cnrs.fr est assur\u00e9 par :<\/p>\n\n\n\n<p><strong>CNRS \u2013 SYS2DIAG &#8211; UMR 9005<\/strong><br>Service Administration R\u00e9seau Informatique et T\u00e9l\u00e9com<br>Parc Eurom\u00e9decine &#8211; Cap Delta<br>1682 Rue de la valsi\u00e8re<br>34184 Montpellier Cedex 4<\/p>\n\n\n\n<h2 class=\"wp-block-heading\">Propri\u00e9t\u00e9 Intellectuelle :<\/h2>\n\n\n\n<p>L\u2019ensemble de ce site rel\u00e8ve de la l\u00e9gislation fran\u00e7aise et internationale sur le droit d\u2019auteur et la propri\u00e9t\u00e9 intellectuelle.<\/p>\n\n\n\n<p>La structure g\u00e9n\u00e9rale, ainsi que les textes, logos, contenus \u00e9ditoriaux, images, graphismes, photographies, documents t\u00e9l\u00e9chargeables et tous les \u00e9l\u00e9ments composant ce site web sont la propri\u00e9t\u00e9 exclusive de l\u2019UMR SYS2DIAG et sont prot\u00e9g\u00e9s par les dispositions du Code de la Propri\u00e9t\u00e9 Intellectuelle.<\/p>\n\n\n\n<p>Toute reproduction ou repr\u00e9sentation totale ou partielle de ce site, par quelque proc\u00e9d\u00e9 que ce soit, sans l\u2019autorisation expresse, pr\u00e9alable et \u00e9crite de l\u2019UMR SYS2DIAG est donc interdite et constituerait une contrefa\u00e7on sanctionn\u00e9 par les articles L.335-2 et suivants du Code de la Propri\u00e9t\u00e9 Intellectuelle.<\/p>\n\n\n\n<p>Cette page pr\u00e9sente les mentions l\u00e9gales qui s\u2019appliquent \u00e0 tout internaute visitant le pr\u00e9sent site. En les consultant, vous vous engagez sans r\u00e9serve \u00e0 les respecter.<\/p>\n\n\n\n<h2 class=\"wp-block-heading\">Protection des donn\u00e9es \u00e0 caract\u00e8re personnelles :<\/h2>\n\n\n\n<p>Des donn\u00e9es \u00e0 caract\u00e8re personnel&nbsp;:<\/p>\n\n\n\n<ul class=\"wp-block-list\"><li><em>Annuaire\/organigramme&nbsp;:\nnom \u2013 pr\u00e9nom \u2013 t\u00e9l\u00e9phone \u2013 m\u00e9l \u2013 photographie<\/em><\/li><li><em>Cr\u00e9ation\nde compte (acc\u00e8s bases de donn\u00e9es)&nbsp;: nom \u2013 pr\u00e9nom \u2013 m\u00e9l \u2013 donn\u00e9es de\nconnexion<\/em><\/li><li><em>Contact\n(question \u00e0 poser)&nbsp;: nom \u2013 pr\u00e9nom \u2013 adresse m\u00e9l.<\/em><\/li><\/ul>\n\n\n\n<p>Sont susceptibles d\u2019\u00eatre collect\u00e9es par&nbsp;: <\/p>\n\n\n<p><!--StartFragment--><\/p>\n\n\n<p>SYS2DIAG &#8211; CNRS UMR 9005 &#8211; <em>Service ARIT<\/em><\/p>\n\n\n\n<p>CAP DELTA &#8211; 1682 Rue de la Valsi\u00e8re &#8211; 34184 Montpellier Cedex 4<\/p>\n\n\n\n<p>dp.request@sys2diag.cnrs.fr<\/p>\n\n\n<p><!--EndFragment--><\/p>\n\n\n<p>Elles sont accessibles par&nbsp;:<\/p>\n\n\n\n<ul class=\"wp-block-list\"><li><em>Annuaire&nbsp;et contact : Internautes<\/em><\/li><li><em>Cr\u00e9ation de compte&nbsp;: Service ARIT (Administration r\u00e9seau, informatique et t\u00e9l\u00e9coms)<\/em><\/li><\/ul>\n\n\n\n<p>Et conserv\u00e9es pour une dur\u00e9e de&nbsp;:<\/p>\n\n\n\n<ul class=\"wp-block-list\"><li><em>Annuaire&nbsp;:\njusqu\u2019au d\u00e9part de la personne concern\u00e9e<\/em><\/li><li><em>Contact&nbsp;:\n3 mois<\/em><\/li><li><em>Cr\u00e9ation\nde compte&nbsp;: dur\u00e9e de validit\u00e9 du compte<\/em><\/li><\/ul>\n\n\n\n<p>Aucun transfert des donn\u00e9es hors de l\u2019Union Europ\u00e9enne n\u2019est r\u00e9alis\u00e9.<\/p>\n\n\n\n<p>Lorsque certaines informations sont obligatoires pour acc\u00e9der \u00e0 des\nfonctionnalit\u00e9s sp\u00e9cifiques du site, ce caract\u00e8re obligatoire est indiqu\u00e9 au\nmoment de la collecte de la saisie des donn\u00e9es. En cas de refus de votre part\nde fournir des informations obligatoires, vous pourriez ne pas avoir acc\u00e8s \u00e0\ncertains services.<\/p>\n\n\n\n<p>Conform\u00e9ment aux dispositions l\u00e9gales et r\u00e8glementaires applicables, en\nparticulier la loi n\u00b0 78-17 du 6 janvier modifi\u00e9e relative \u00e0 l\u2019informatique,\naux fichiers et aux libert\u00e9s et le r\u00e8glement europ\u00e9en n\u00b0 2016\/679\/UE du 27\navril 2016 (applicable depuis le 25 mai 2018), vous disposez des droits\nsuivants&nbsp;:<\/p>\n\n\n\n<ul class=\"wp-block-list\"><li>Exercer votre droit d\u2019acc\u00e8s, pour conna\u00eetre les donn\u00e9es personnelles qui vous concernent&nbsp;;<\/li><li>Demander la mise \u00e0 jour de vos donn\u00e9es, si elles sont inexactes&nbsp;;<\/li><li>Demander la portabilit\u00e9 ou la suppression de vos donn\u00e9es&nbsp;;<\/li><li>Demander la limitation du traitement de vos donn\u00e9es&nbsp;;<\/li><li>Vous opposer, pour des motifs l\u00e9gitimes, au traitement de vos donn\u00e9es&nbsp;;<\/li><li>Retirer votre consentement au traitement de vos donn\u00e9es.<\/li><\/ul>\n\n\n\n<p><strong>Vous pouvez exercer ces droits en vous adressant \u00e0&nbsp;:<\/strong><\/p>\n\n\n\n<p><\/p>\n\n\n\n<p>SYS2DIAG &#8211; CNRS UMR 9005 &#8211; <em>Service ARIT<\/em><\/p>\n\n\n\n<p>CAP DELTA &#8211; 1682 Rue de la Valsi\u00e8re<\/p>\n\n\n\n<p>34184 Montpellier Cedex 4<\/p>\n\n\n\n<p><p><a href=\"mailto:dp.request@sys2diag.cnrs.fr\"><em>dp.request[@]sys2diag.cnrs.fr<\/em><\/a><\/p> <\/p>\n\n\n\n<p><strong>Vous pouvez contacter \u00e9galement le DPD du CNRS \u00e0 l\u2019adresse suivante&nbsp;:<\/strong><\/p>\n\n\n\n<p><em>DPD \u2013 17 rue Notre Dame des\nPauvres \u2013 54519 Vandoeuvre l\u00e8s Nancy Cedex<\/em><\/p>\n\n\n\n<p><a href=\"mailto:dpd.demandes@cnrs.fr\"><em>dpd.demandes[@]cnrs.fr<\/em><\/a><\/p>\n\n\n\n<p><\/p>\n\n\n\n<p>Si vous estimez, apr\u00e8s nous avoir contact\u00e9s, que vos droits\nInformatique et Libert\u00e9s ne sont pas respect\u00e9s, vous avez la possibilit\u00e9\nd\u2019introduire&nbsp; une r\u00e9clamation en ligne\naupr\u00e8s de la CNIL ou par courrier postal.<\/p>\n","protected":false},"excerpt":{"rendered":"<p>Editeur du site : Conform\u00e9ment aux dispositions de l\u2019article 6 III-1 de la loi n\u00b0 2004-575 du 21 juin 2004 pour la confiance dans l\u2019\u00e9conomie num\u00e9rique, nous vous informons que &#8230;<\/p>\n","protected":false},"author":1,"featured_media":0,"parent":336,"menu_order":15,"comment_status":"closed","ping_status":"closed","template":"","meta":{"footnotes":""},"class_list":["post-635","page","type-page","status-publish","hentry"],"_links":{"self":[{"href":"https:\/\/www.sys2diag.cnrs.fr\/fr\/wp-json\/wp\/v2\/pages\/635","targetHints":{"allow":["GET"]}}],"collection":[{"href":"https:\/\/www.sys2diag.cnrs.fr\/fr\/wp-json\/wp\/v2\/pages"}],"about":[{"href":"https:\/\/www.sys2diag.cnrs.fr\/fr\/wp-json\/wp\/v2\/types\/page"}],"author":[{"embeddable":true,"href":"https:\/\/www.sys2diag.cnrs.fr\/fr\/wp-json\/wp\/v2\/users\/1"}],"replies":[{"embeddable":true,"href":"https:\/\/www.sys2diag.cnrs.fr\/fr\/wp-json\/wp\/v2\/comments?post=635"}],"version-history":[{"count":7,"href":"https:\/\/www.sys2diag.cnrs.fr\/fr\/wp-json\/wp\/v2\/pages\/635\/revisions"}],"predecessor-version":[{"id":1076,"href":"https:\/\/www.sys2diag.cnrs.fr\/fr\/wp-json\/wp\/v2\/pages\/635\/revisions\/1076"}],"up":[{"embeddable":true,"href":"https:\/\/www.sys2diag.cnrs.fr\/fr\/wp-json\/wp\/v2\/pages\/336"}],"wp:attachment":[{"href":"https:\/\/www.sys2diag.cnrs.fr\/fr\/wp-json\/wp\/v2\/media?parent=635"}],"curies":[{"name":"wp","href":"https:\/\/api.w.org\/{rel}","templated":true}]}}